{"id":14,"date":"2021-11-21T15:14:19","date_gmt":"2021-11-21T14:14:19","guid":{"rendered":"https:\/\/valmakeup.com\/index.php\/about\/"},"modified":"2023-09-23T22:27:41","modified_gmt":"2023-09-23T20:27:41","slug":"sobre-nosotros","status":"publish","type":"page","link":"https:\/\/valmakeup.com\/index.php\/sobre-nosotros\/","title":{"rendered":"Sobre nosotros"},"content":{"rendered":"\t\t<div data-elementor-type=\"wp-page\" data-elementor-id=\"14\" class=\"elementor elementor-14\">\n\t\t\t\t\t\t\t<div class=\"elementor-element elementor-element-0dd610d e-flex e-con-boxed e-con e-parent\" data-id=\"0dd610d\" data-element_type=\"container\" data-settings=\"{&quot;background_background&quot;:&quot;gradient&quot;,&quot;content_width&quot;:&quot;boxed&quot;}\" data-core-v316-plus=\"true\">\n\t\t\t\t\t<div class=\"e-con-inner\">\n\t\t\t\t<div class=\"elementor-element elementor-element-ada9f6f elementor-invisible elementor-widget elementor-widget-heading\" data-id=\"ada9f6f\" data-element_type=\"widget\" data-settings=\"{&quot;_animation&quot;:&quot;fadeInLeft&quot;}\" data-widget_type=\"heading.default\">\n\t\t\t\t<div class=\"elementor-widget-container\">\n\t\t\t<style>\/*! elementor - v3.16.0 - 14-09-2023 *\/\n.elementor-heading-title{padding:0;margin:0;line-height:1}.elementor-widget-heading .elementor-heading-title[class*=elementor-size-]>a{color:inherit;font-size:inherit;line-height:inherit}.elementor-widget-heading .elementor-heading-title.elementor-size-small{font-size:15px}.elementor-widget-heading .elementor-heading-title.elementor-size-medium{font-size:19px}.elementor-widget-heading .elementor-heading-title.elementor-size-large{font-size:29px}.elementor-widget-heading .elementor-heading-title.elementor-size-xl{font-size:39px}.elementor-widget-heading .elementor-heading-title.elementor-size-xxl{font-size:59px}<\/style><h2 class=\"elementor-heading-title elementor-size-default\">SOBRE NOSOTROS <\/h2>\t\t<\/div>\n\t\t\t\t<\/div>\n\t\t\t\t\t<\/div>\n\t\t\t\t<\/div>\n\t\t<div class=\"elementor-element elementor-element-47b43b1 e-flex e-con-boxed e-con e-parent\" data-id=\"47b43b1\" data-element_type=\"container\" data-settings=\"{&quot;content_width&quot;:&quot;boxed&quot;}\" data-core-v316-plus=\"true\">\n\t\t\t\t\t<div class=\"e-con-inner\">\n\t\t<div class=\"elementor-element elementor-element-ccafca3 e-con-full e-flex e-con e-child\" data-id=\"ccafca3\" data-element_type=\"container\" data-settings=\"{&quot;content_width&quot;:&quot;full&quot;}\">\n\t\t\t\t<div class=\"elementor-element elementor-element-3d2364a elementor-widget elementor-widget-text-editor\" data-id=\"3d2364a\" data-element_type=\"widget\" data-widget_type=\"text-editor.default\">\n\t\t\t\t<div class=\"elementor-widget-container\">\n\t\t\t<style>\/*! elementor - v3.16.0 - 14-09-2023 *\/\n.elementor-widget-text-editor.elementor-drop-cap-view-stacked .elementor-drop-cap{background-color:#69727d;color:#fff}.elementor-widget-text-editor.elementor-drop-cap-view-framed .elementor-drop-cap{color:#69727d;border:3px solid;background-color:transparent}.elementor-widget-text-editor:not(.elementor-drop-cap-view-default) .elementor-drop-cap{margin-top:8px}.elementor-widget-text-editor:not(.elementor-drop-cap-view-default) .elementor-drop-cap-letter{width:1em;height:1em}.elementor-widget-text-editor .elementor-drop-cap{float:left;text-align:center;line-height:1;font-size:50px}.elementor-widget-text-editor .elementor-drop-cap-letter{display:inline-block}<\/style>\t\t\t\t<p class=\"font_8 wixui-rich-text__text\" style=\"background: transparent; pointer-events: auto; font-style: normal; font-weight: 400; font-size: 18px; color: #000000; margin-block: 0px; margin-bottom: 0px;\">\u00a1Hola!<\/p><p class=\"font_8 wixui-rich-text__text\" style=\"background: transparent; pointer-events: auto; font-style: normal; font-weight: 400; font-size: 18px; color: #000000; margin-block: 0px; margin-bottom: 0px; text-align: left;\">\u00a0Mi nombre es Oriana Cortez y me complace compartir mi amplia experiencia en el emocionante mundo de la belleza como maquilladora y estilista profesional. Con m\u00e1s de cinco a\u00f1os de dedicaci\u00f3n y pasi\u00f3n en este campo, he tenido el privilegio de perfeccionar mis habilidades en distintos estilos de maquillaje y peinado, colaborando con artistas internacionales y siendo parte de proyectos fascinantes.<\/p><p class=\"font_8 wixui-rich-text__text\" style=\"background: transparent; pointer-events: auto; font-style: normal; font-weight: 400; font-size: 18px; color: #000000; margin-block: 0px; margin-bottom: 0px; text-align: center;\">\u00a0<\/p><p class=\"font_8 wixui-rich-text__text\" style=\"background: transparent; pointer-events: auto; font-style: normal; font-weight: 400; font-size: 18px; color: #000000; margin-block: 0px; margin-bottom: 0px;\">Originaria de Venezuela, mi formaci\u00f3n incluye una amplia gama de t\u00e9cnicas y estilos de maquillaje y peinado, lo que me ha permitido destacarme en diversas \u00e1reas de la industria. He trabajado en sesiones de fotos para campa\u00f1as de marcas reconocidas, en la creaci\u00f3n de looks para videoclips y en la transformaci\u00f3n de artistas para sus presentaciones. Adem\u00e1s, mi experiencia abarca tanto sesiones de fotos en exteriores como en estudios fotogr\u00e1ficos, donde he contribuido a la creaci\u00f3n de im\u00e1genes impactantes.<\/p><p class=\"font_8 wixui-rich-text__text\" style=\"background: transparent; pointer-events: auto; font-style: normal; font-weight: 400; font-size: 18px; color: #000000; margin-block: 0px; margin-bottom: 0px;\">Una de mis especialidades y pasiones es el maquillaje y peinado para novias y quincea\u00f1eras, donde puedo realzar la belleza natural de cada persona en d\u00edas especiales. Mi objetivo es que todas mis clientas se sientan seguras y hermosas en momentos cruciales de sus vidas.<\/p><p class=\"font_8 wixui-rich-text__text\" style=\"background: transparent; pointer-events: auto; font-style: normal; font-weight: 400; font-size: 18px; color: #000000; margin-block: 0px; margin-bottom: 0px;\">Adem\u00e1s de mi trabajo en el terreno de la belleza, soy comunicadora social, lo que me brinda las herramientas necesarias para transmitir mis conocimientos y ense\u00f1ar el arte del maquillaje a trav\u00e9s de cursos presenciales y en l\u00ednea. Creo firmemente en compartir mis habilidades y experiencias para ayudar a otros a descubrir su potencial en el mundo de la belleza.<\/p><p class=\"font_8 wixui-rich-text__text\" style=\"background: transparent; pointer-events: auto; font-style: normal; font-weight: 400; font-size: 18px; color: #000000; margin-block: 0px; margin-bottom: 0px;\">En resumen, soy Oriana Cortez, una apasionada maquilladora y estilista profesional con una trayectoria diversa y enriquecedora en la industria de la belleza. Estoy comprometida a brindar un servicio de alta calidad y a compartir mis conocimientos con aquellos que deseen aprender este hermoso arte.<\/p><p class=\"font_8 wixui-rich-text__text\" style=\"background: transparent; pointer-events: auto; font-style: normal; font-weight: 400; font-size: 18px; color: #000000; margin-block: 0px; margin-bottom: 0px;\">\u00a0\u00a1Gracias por conocerme!<\/p>\t\t\t\t\t\t<\/div>\n\t\t\t\t<\/div>\n\t\t\t\t<\/div>\n\t\t<div class=\"elementor-element elementor-element-c44d809 e-con-full e-flex e-con e-child\" data-id=\"c44d809\" data-element_type=\"container\" data-settings=\"{&quot;content_width&quot;:&quot;full&quot;}\">\n\t\t\t\t<div class=\"elementor-element elementor-element-75b205c elementor-widget elementor-widget-image\" data-id=\"75b205c\" data-element_type=\"widget\" data-widget_type=\"image.default\">\n\t\t\t\t<div class=\"elementor-widget-container\">\n\t\t\t<style>\/*! elementor - v3.16.0 - 14-09-2023 *\/\n.elementor-widget-image{text-align:center}.elementor-widget-image a{display:inline-block}.elementor-widget-image a img[src$=\".svg\"]{width:48px}.elementor-widget-image img{vertical-align:middle;display:inline-block}<\/style>\t\t\t\t\t\t\t\t\t\t\t\t<img decoding=\"async\" loading=\"lazy\" width=\"721\" height=\"1024\" src=\"https:\/\/valmakeup.com\/wp-content\/uploads\/2023\/09\/IMG_6918-721x1024.jpg\" class=\"attachment-large size-large wp-image-1379\" alt=\"\" srcset=\"https:\/\/valmakeup.com\/wp-content\/uploads\/2023\/09\/IMG_6918-721x1024.jpg 721w, https:\/\/valmakeup.com\/wp-content\/uploads\/2023\/09\/IMG_6918-211x300.jpg 211w, https:\/\/valmakeup.com\/wp-content\/uploads\/2023\/09\/IMG_6918-768x1090.jpg 768w, https:\/\/valmakeup.com\/wp-content\/uploads\/2023\/09\/IMG_6918-1082x1536.jpg 1082w, https:\/\/valmakeup.com\/wp-content\/uploads\/2023\/09\/IMG_6918-1443x2048.jpg 1443w, https:\/\/valmakeup.com\/wp-content\/uploads\/2023\/09\/IMG_6918.jpg 1537w\" sizes=\"(max-width: 721px) 100vw, 721px\" \/>\t\t\t\t\t\t\t\t\t\t\t\t\t\t\t<\/div>\n\t\t\t\t<\/div>\n\t\t\t\t<\/div>\n\t\t\t\t\t<\/div>\n\t\t\t\t<\/div>\n\t\t<div class=\"elementor-element elementor-element-3b02f59 e-flex e-con-boxed e-con e-parent\" data-id=\"3b02f59\" data-element_type=\"container\" data-settings=\"{&quot;content_width&quot;:&quot;boxed&quot;}\" data-core-v316-plus=\"true\">\n\t\t\t\t\t<div class=\"e-con-inner\">\n\t\t\t\t<div class=\"elementor-element elementor-element-68ae470 elementor-widget elementor-widget-image\" data-id=\"68ae470\" data-element_type=\"widget\" data-widget_type=\"image.default\">\n\t\t\t\t<div class=\"elementor-widget-container\">\n\t\t\t\t\t\t\t\t\t\t\t\t\t\t\t<img decoding=\"async\" loading=\"lazy\" width=\"1024\" height=\"369\" src=\"https:\/\/valmakeup.com\/wp-content\/uploads\/2023\/09\/banner-para-pag-3000-x-1080-px-1024x369.png\" class=\"attachment-large size-large wp-image-1695\" alt=\"\" srcset=\"https:\/\/valmakeup.com\/wp-content\/uploads\/2023\/09\/banner-para-pag-3000-x-1080-px-1024x369.png 1024w, https:\/\/valmakeup.com\/wp-content\/uploads\/2023\/09\/banner-para-pag-3000-x-1080-px-300x108.png 300w, https:\/\/valmakeup.com\/wp-content\/uploads\/2023\/09\/banner-para-pag-3000-x-1080-px-768x276.png 768w, https:\/\/valmakeup.com\/wp-content\/uploads\/2023\/09\/banner-para-pag-3000-x-1080-px-1536x553.png 1536w, https:\/\/valmakeup.com\/wp-content\/uploads\/2023\/09\/banner-para-pag-3000-x-1080-px-2048x737.png 2048w\" sizes=\"(max-width: 1024px) 100vw, 1024px\" \/>\t\t\t\t\t\t\t\t\t\t\t\t\t\t\t<\/div>\n\t\t\t\t<\/div>\n\t\t\t\t\t<\/div>\n\t\t\t\t<\/div>\n\t\t\t\t\t\t\t<\/div>\n\t\t","protected":false},"excerpt":{"rendered":"<p>SOBRE NOSOTROS \u00a1Hola! \u00a0Mi nombre es Oriana Cortez y me complace compartir mi amplia experiencia en el emocionante mundo de la belleza como maquilladora y estilista profesional. Con m\u00e1s de cinco a\u00f1os de dedicaci\u00f3n y pasi\u00f3n en este campo, he tenido el privilegio de perfeccionar mis habilidades en distintos estilos de maquillaje y peinado, colaborando [&hellip;]<\/p>\n","protected":false},"author":1,"featured_media":0,"parent":0,"menu_order":0,"comment_status":"closed","ping_status":"closed","template":"","meta":{"om_disable_all_campaigns":false,"_monsterinsights_skip_tracking":false,"_monsterinsights_sitenote_active":false,"_monsterinsights_sitenote_note":"","_monsterinsights_sitenote_category":0,"site-sidebar-layout":"no-sidebar","site-content-layout":"page-builder","ast-site-content-layout":"full-width-container","site-content-style":"unboxed","site-sidebar-style":"unboxed","ast-global-header-display":"","ast-banner-title-visibility":"","ast-main-header-display":"","ast-hfb-above-header-display":"","ast-hfb-below-header-display":"","ast-hfb-mobile-header-display":"","site-post-title":"disabled","ast-breadcrumbs-content":"","ast-featured-img":"disabled","footer-sml-layout":"","theme-transparent-header-meta":"disabled","adv-header-id-meta":"","stick-header-meta":"","header-above-stick-meta":"","header-main-stick-meta":"","header-below-stick-meta":"","astra-migrate-meta-layouts":"set","ast-page-background-enabled":"default","ast-page-background-meta":{"desktop":{"background-color":"var(--ast-global-color-4)","background-image":"","background-repeat":"repeat","background-position":"center center","background-size":"auto","background-attachment":"scroll","background-type":"","background-media":"","overlay-type":"","overlay-color":"","overlay-opacity":"","overlay-gradient":""},"tablet":{"background-color":"","background-image":"","background-repeat":"repeat","background-position":"center center","background-size":"auto","background-attachment":"scroll","background-type":"","background-media":"","overlay-type":"","overlay-color":"","overlay-opacity":"","overlay-gradient":""},"mobile":{"background-color":"","background-image":"","background-repeat":"repeat","background-position":"center center","background-size":"auto","background-attachment":"scroll","background-type":"","background-media":"","overlay-type":"","overlay-color":"","overlay-opacity":"","overlay-gradient":""}},"ast-content-background-meta":{"desktop":{"background-color":"var(--ast-global-color-5)","background-image":"","background-repeat":"repeat","background-position":"center center","background-size":"auto","background-attachment":"scroll","background-type":"","background-media":"","overlay-type":"","overlay-color":"","overlay-opacity":"","overlay-gradient":""},"tablet":{"background-color":"var(--ast-global-color-5)","background-image":"","background-repeat":"repeat","background-position":"center center","background-size":"auto","background-attachment":"scroll","background-type":"","background-media":"","overlay-type":"","overlay-color":"","overlay-opacity":"","overlay-gradient":""},"mobile":{"background-color":"var(--ast-global-color-5)","background-image":"","background-repeat":"repeat","background-position":"center center","background-size":"auto","background-attachment":"scroll","background-type":"","background-media":"","overlay-type":"","overlay-color":"","overlay-opacity":"","overlay-gradient":""}},"footnotes":"","_joinchat":[]},"aioseo_notices":[],"_links":{"self":[{"href":"https:\/\/valmakeup.com\/index.php\/wp-json\/wp\/v2\/pages\/14"}],"collection":[{"href":"https:\/\/valmakeup.com\/index.php\/wp-json\/wp\/v2\/pages"}],"about":[{"href":"https:\/\/valmakeup.com\/index.php\/wp-json\/wp\/v2\/types\/page"}],"author":[{"embeddable":true,"href":"https:\/\/valmakeup.com\/index.php\/wp-json\/wp\/v2\/users\/1"}],"replies":[{"embeddable":true,"href":"https:\/\/valmakeup.com\/index.php\/wp-json\/wp\/v2\/comments?post=14"}],"version-history":[{"count":29,"href":"https:\/\/valmakeup.com\/index.php\/wp-json\/wp\/v2\/pages\/14\/revisions"}],"predecessor-version":[{"id":1711,"href":"https:\/\/valmakeup.com\/index.php\/wp-json\/wp\/v2\/pages\/14\/revisions\/1711"}],"wp:attachment":[{"href":"https:\/\/valmakeup.com\/index.php\/wp-json\/wp\/v2\/media?parent=14"}],"curies":[{"name":"wp","href":"https:\/\/api.w.org\/{rel}","templated":true}]}}